{"id":5474,"date":"2019-10-22T16:15:47","date_gmt":"2019-10-22T14:15:47","guid":{"rendered":"https:\/\/www.satsecurity.de\/imprint\/"},"modified":"2024-08-20T09:56:23","modified_gmt":"2024-08-20T07:56:23","slug":"imprint","status":"publish","type":"page","link":"https:\/\/www.satsecurity.de\/en\/imprint\/","title":{"rendered":"Imprint"},"content":{"rendered":"<p>[et_pb_section fb_built=&#8221;1&#8243; admin_label=&#8221;Kontakt&#8221; _builder_version=&#8221;4.16&#8243; custom_margin=&#8221;||0px||false|false&#8221; custom_padding=&#8221;||0px|||&#8221; global_colors_info=&#8221;{}&#8221;][et_pb_row _builder_version=&#8221;4.16&#8243; custom_padding=&#8221;0px||17px|||&#8221; global_colors_info=&#8221;{}&#8221;][et_pb_column type=&#8221;4_4&#8243; _builder_version=&#8221;4.16&#8243; global_colors_info=&#8221;{}&#8221;][et_pb_text _builder_version=&#8221;4.16&#8243; header_2_text_align=&#8221;center&#8221; global_colors_info=&#8221;{}&#8221;]<\/p>\n<h1 style=\"text-align: center;\">Imprint<\/h1>\n<p>[\/et_pb_text][\/et_pb_column][\/et_pb_row][\/et_pb_section][et_pb_section fb_built=&#8221;1&#8243; _builder_version=&#8221;4.16&#8243; custom_padding=&#8221;0px|||||&#8221; global_colors_info=&#8221;{}&#8221;][et_pb_row column_structure=&#8221;1_2,1_2&#8243; _builder_version=&#8221;4.16&#8243; custom_padding=&#8221;4px|||||&#8221; global_colors_info=&#8221;{}&#8221;][et_pb_column type=&#8221;1_2&#8243; _builder_version=&#8221;4.16&#8243; global_colors_info=&#8221;{}&#8221;][et_pb_text _builder_version=&#8221;4.27.0&#8243; hover_enabled=&#8221;0&#8243; global_colors_info=&#8221;{}&#8221; sticky_enabled=&#8221;0&#8243;]<\/p>\n<p><strong>Angaben gem\u00e4\u00df \u00a7 5 DDG<\/strong><\/p>\n<p>S.A.T. GmbH Security &amp; Transport<br \/>Entenmoos 343<br \/>87764 Legau<\/p>\n<p>Handelsregister: 12332<br \/>Registergericht: Amtsgericht Memmingen<\/p>\n<p><strong>Vertreten durch:<\/strong><br \/>Gerhard Unseld: Gesch\u00e4ftsf\u00fchrer und Inhaber<br \/>Konrad Szorg: Gesch\u00e4ftsf\u00fchrer<\/p>\n<p><strong>Kontakt<\/strong><\/p>\n<p>Telefon: +49 (0)8330 &#8211; 94-000<br \/>Telefax: +49 (0)8330 &#8211; 94-0020<br \/>E-Mail: info@satsecurity.de<\/p>\n<p><strong>Umsatzsteuer-ID<\/strong><\/p>\n<p>Umsatzsteuer-Identifikationsnummer gem\u00e4\u00df \u00a727 a Umsatzsteuergesetz:<br \/>DE 239829207<\/p>\n<p><strong>Verantwortlich f\u00fcr den Inhalt nach \u00a7 55 Abs. 2 RStV<\/strong><\/p>\n<p>Gerhard Unseld<br \/>Entenmoos 343<br \/>87764 Legau<\/p>\n<p><strong>Streitschlichtung<\/strong><\/p>\n<p>Die Europ\u00e4ische Kommission stellt eine Plattform zur Online-Streitbeilegung (OS) bereit: <a href=\"https:\/\/ec.europa.eu\/consumers\/odr\" target=\"_blank\" rel=\"noopener noreferrer\">https:\/\/ec.europa.eu\/consumers\/odr<\/a>.<br \/>Unsere E-Mail-Adresse finden Sie oben im Impressum.<\/p>\n<p>Wir sind nicht bereit oder verpflichtet, an Streitbeilegungsverfahren vor einer Verbraucherschlichtungsstelle teilzunehmen.<\/p>\n<p><strong>Umsetzung<\/strong><\/p>\n<p>WordPress \/ Shopware Agentur<br \/><a href=\"https:\/\/www.vierpunkt.de\">VIERPUNKT GmbH<\/a><\/p>\n<p>[\/et_pb_text][\/et_pb_column][et_pb_column type=&#8221;1_2&#8243; _builder_version=&#8221;4.16&#8243; global_colors_info=&#8221;{}&#8221;][et_pb_text _builder_version=&#8221;4.27.0&#8243; hover_enabled=&#8221;0&#8243; global_colors_info=&#8221;{}&#8221; sticky_enabled=&#8221;0&#8243;]<\/p>\n<p><strong>Haftung f\u00fcr Inhalte<\/strong><\/p>\n<p>Als Diensteanbieter sind wir gem\u00e4\u00df \u00a7 7 Abs.1 DDG f\u00fcr eigene Inhalte auf diesen Seiten nach den allgemeinen Gesetzen verantwortlich. Nach \u00a7\u00a7 8 bis 10 DDG sind wir als Diensteanbieter jedoch nicht verpflichtet, \u00fcbermittelte oder gespeicherte fremde Informationen zu \u00fcberwachen oder nach Umst\u00e4nden zu forschen, die auf eine rechtswidrige T\u00e4tigkeit hinweisen.<\/p>\n<p>Verpflichtungen zur Entfernung oder Sperrung der Nutzung von Informationen nach den allgemeinen Gesetzen bleiben hiervon unber\u00fchrt. Eine diesbez\u00fcgliche Haftung ist jedoch erst ab dem Zeitpunkt der Kenntnis einer konkreten Rechtsverletzung m\u00f6glich. Bei Bekanntwerden von entsprechenden Rechtsverletzungen werden wir diese Inhalte umgehend entfernen.<\/p>\n<p><strong>Haftung f\u00fcr Links<\/strong><\/p>\n<p>Unser Angebot enth\u00e4lt Links zu externen Websites Dritter, auf deren Inhalte wir keinen Einfluss haben. Deshalb k\u00f6nnen wir f\u00fcr diese fremden Inhalte auch keine Gew\u00e4hr \u00fcbernehmen. F\u00fcr die Inhalte der verlinkten Seiten ist stets der jeweilige Anbieter oder Betreiber der Seiten verantwortlich. Die verlinkten Seiten wurden zum Zeitpunkt der Verlinkung auf m\u00f6gliche Rechtsverst\u00f6\u00dfe \u00fcberpr\u00fcft. Rechtswidrige Inhalte waren zum Zeitpunkt der Verlinkung nicht erkennbar.<\/p>\n<p>Eine permanente inhaltliche Kontrolle der verlinkten Seiten ist jedoch ohne konkrete Anhaltspunkte einer Rechtsverletzung nicht zumutbar. Bei Bekanntwerden von Rechtsverletzungen werden wir derartige Links umgehend entfernen.<\/p>\n<p><strong>Urheberrecht<\/strong><\/p>\n<p>Die durch die Seitenbetreiber erstellten Inhalte und Werke auf diesen Seiten unterliegen dem deutschen Urheberrecht. Die Vervielf\u00e4ltigung, Bearbeitung, Verbreitung und jede Art der Verwertung au\u00dferhalb der Grenzen des Urheberrechtes bed\u00fcrfen der schriftlichen Zustimmung des jeweiligen Autors bzw. Erstellers. Downloads und Kopien dieser Seite sind nur f\u00fcr den privaten, nicht kommerziellen Gebrauch gestattet.<\/p>\n<p>Soweit die Inhalte auf dieser Seite nicht vom Betreiber erstellt wurden, werden die Urheberrechte Dritter beachtet. Insbesondere werden Inhalte Dritter als solche gekennzeichnet. Sollten Sie trotzdem auf eine Urheberrechtsverletzung aufmerksam werden, bitten wir um einen entsprechenden Hinweis. Bei Bekanntwerden von Rechtsverletzungen werden wir derartige Inhalte umgehend entfernen.<\/p>\n<p>[\/et_pb_text][\/et_pb_column][\/et_pb_row][\/et_pb_section]<\/p>\n","protected":false},"excerpt":{"rendered":"<p>ImprintAngaben gem\u00e4\u00df \u00a7 5 DDG S.A.T. GmbH Security &amp; TransportEntenmoos 34387764 Legau Handelsregister: 12332Registergericht: Amtsgericht Memmingen Vertreten durch:Gerhard Unseld: Gesch\u00e4ftsf\u00fchrer und InhaberKonrad Szorg: Gesch\u00e4ftsf\u00fchrer Kontakt Telefon: +49 (0)8330 &#8211; 94-000Telefax: +49 (0)8330 &#8211; 94-0020E-Mail: info@satsecurity.de Umsatzsteuer-ID Umsatzsteuer-Identifikationsnummer gem\u00e4\u00df \u00a727 a Umsatzsteuergesetz:DE 239829207 Verantwortlich f\u00fcr den Inhalt nach \u00a7 55 Abs. 2 RStV Gerhard UnseldEntenmoos 34387764 [&hellip;]<\/p>\n","protected":false},"author":17,"featured_media":0,"parent":0,"menu_order":10,"comment_status":"closed","ping_status":"closed","template":"","meta":{"_et_pb_use_builder":"on","_et_pb_old_content":"","_et_gb_content_width":"","footnotes":""},"dipi_cpt_category":[],"class_list":["post-5474","page","type-page","status-publish","hentry"],"yoast_head":"<!-- This site is optimized with the Yoast SEO plugin v27.3 - https:\/\/yoast.com\/product\/yoast-seo-wordpress\/ -->\n<title>S.A.T. Security<\/title>\n<meta name=\"description\" content=\"Ihre Sicherheitsprofis sind unter \u260e 08330-94000 f\u00fcr Sie da: Professionelle Beratung zu allen Themen Rund um Sicherheit.\" \/>\n<meta name=\"robots\" content=\"index, follow, max-snippet:-1, max-image-preview:large, max-video-preview:-1\" \/>\n<link rel=\"canonical\" href=\"https:\/\/www.satsecurity.de\/en\/imprint\/\" \/>\n<meta property=\"og:locale\" content=\"en_US\" \/>\n<meta property=\"og:type\" content=\"article\" \/>\n<meta property=\"og:title\" content=\"S.A.T. Security\" \/>\n<meta property=\"og:description\" content=\"Ihre Sicherheitsprofis sind unter \u260e 08330-94000 f\u00fcr Sie da: Professionelle Beratung zu allen Themen Rund um Sicherheit.\" \/>\n<meta property=\"og:url\" content=\"https:\/\/www.satsecurity.de\/en\/imprint\/\" \/>\n<meta property=\"og:site_name\" content=\"S.A.T. Security &amp; Transport Corporation\" \/>\n<meta property=\"article:modified_time\" content=\"2024-08-20T07:56:23+00:00\" \/>\n<meta name=\"twitter:card\" content=\"summary_large_image\" \/>\n<meta name=\"twitter:label1\" content=\"Est. reading time\" \/>\n\t<meta name=\"twitter:data1\" content=\"3 minutes\" \/>\n<script type=\"application\/ld+json\" class=\"yoast-schema-graph\">{\"@context\":\"https:\\\/\\\/schema.org\",\"@graph\":[{\"@type\":\"WebPage\",\"@id\":\"https:\\\/\\\/www.satsecurity.de\\\/en\\\/imprint\\\/\",\"url\":\"https:\\\/\\\/www.satsecurity.de\\\/en\\\/imprint\\\/\",\"name\":\"S.A.T. Security\",\"isPartOf\":{\"@id\":\"https:\\\/\\\/www.satsecurity.de\\\/en\\\/#website\"},\"datePublished\":\"2019-10-22T14:15:47+00:00\",\"dateModified\":\"2024-08-20T07:56:23+00:00\",\"description\":\"Ihre Sicherheitsprofis sind unter \u260e 08330-94000 f\u00fcr Sie da: Professionelle Beratung zu allen Themen Rund um Sicherheit.\",\"breadcrumb\":{\"@id\":\"https:\\\/\\\/www.satsecurity.de\\\/en\\\/imprint\\\/#breadcrumb\"},\"inLanguage\":\"en-US\",\"potentialAction\":[{\"@type\":\"ReadAction\",\"target\":[\"https:\\\/\\\/www.satsecurity.de\\\/en\\\/imprint\\\/\"]}]},{\"@type\":\"BreadcrumbList\",\"@id\":\"https:\\\/\\\/www.satsecurity.de\\\/en\\\/imprint\\\/#breadcrumb\",\"itemListElement\":[{\"@type\":\"ListItem\",\"position\":1,\"name\":\"Startseite\",\"item\":\"https:\\\/\\\/www.satsecurity.de\\\/en\\\/\"},{\"@type\":\"ListItem\",\"position\":2,\"name\":\"Imprint\"}]},{\"@type\":\"WebSite\",\"@id\":\"https:\\\/\\\/www.satsecurity.de\\\/en\\\/#website\",\"url\":\"https:\\\/\\\/www.satsecurity.de\\\/en\\\/\",\"name\":\"S.A.T. Security &amp; Transport Corporation\",\"description\":\"Sicherheit f\u00fcr Sie und Ihre Wertgegenst\u00e4nde\",\"potentialAction\":[{\"@type\":\"SearchAction\",\"target\":{\"@type\":\"EntryPoint\",\"urlTemplate\":\"https:\\\/\\\/www.satsecurity.de\\\/en\\\/?s={search_term_string}\"},\"query-input\":{\"@type\":\"PropertyValueSpecification\",\"valueRequired\":true,\"valueName\":\"search_term_string\"}}],\"inLanguage\":\"en-US\"}]}<\/script>\n<!-- \/ Yoast SEO plugin. -->","yoast_head_json":{"title":"S.A.T. Security","description":"Ihre Sicherheitsprofis sind unter \u260e 08330-94000 f\u00fcr Sie da: Professionelle Beratung zu allen Themen Rund um Sicherheit.","robots":{"index":"index","follow":"follow","max-snippet":"max-snippet:-1","max-image-preview":"max-image-preview:large","max-video-preview":"max-video-preview:-1"},"canonical":"https:\/\/www.satsecurity.de\/en\/imprint\/","og_locale":"en_US","og_type":"article","og_title":"S.A.T. Security","og_description":"Ihre Sicherheitsprofis sind unter \u260e 08330-94000 f\u00fcr Sie da: Professionelle Beratung zu allen Themen Rund um Sicherheit.","og_url":"https:\/\/www.satsecurity.de\/en\/imprint\/","og_site_name":"S.A.T. Security &amp; Transport Corporation","article_modified_time":"2024-08-20T07:56:23+00:00","twitter_card":"summary_large_image","twitter_misc":{"Est. reading time":"3 minutes"},"schema":{"@context":"https:\/\/schema.org","@graph":[{"@type":"WebPage","@id":"https:\/\/www.satsecurity.de\/en\/imprint\/","url":"https:\/\/www.satsecurity.de\/en\/imprint\/","name":"S.A.T. Security","isPartOf":{"@id":"https:\/\/www.satsecurity.de\/en\/#website"},"datePublished":"2019-10-22T14:15:47+00:00","dateModified":"2024-08-20T07:56:23+00:00","description":"Ihre Sicherheitsprofis sind unter \u260e 08330-94000 f\u00fcr Sie da: Professionelle Beratung zu allen Themen Rund um Sicherheit.","breadcrumb":{"@id":"https:\/\/www.satsecurity.de\/en\/imprint\/#breadcrumb"},"inLanguage":"en-US","potentialAction":[{"@type":"ReadAction","target":["https:\/\/www.satsecurity.de\/en\/imprint\/"]}]},{"@type":"BreadcrumbList","@id":"https:\/\/www.satsecurity.de\/en\/imprint\/#breadcrumb","itemListElement":[{"@type":"ListItem","position":1,"name":"Startseite","item":"https:\/\/www.satsecurity.de\/en\/"},{"@type":"ListItem","position":2,"name":"Imprint"}]},{"@type":"WebSite","@id":"https:\/\/www.satsecurity.de\/en\/#website","url":"https:\/\/www.satsecurity.de\/en\/","name":"S.A.T. Security &amp; Transport Corporation","description":"Sicherheit f\u00fcr Sie und Ihre Wertgegenst\u00e4nde","potentialAction":[{"@type":"SearchAction","target":{"@type":"EntryPoint","urlTemplate":"https:\/\/www.satsecurity.de\/en\/?s={search_term_string}"},"query-input":{"@type":"PropertyValueSpecification","valueRequired":true,"valueName":"search_term_string"}}],"inLanguage":"en-US"}]}},"_links":{"self":[{"href":"https:\/\/www.satsecurity.de\/en\/wp-json\/wp\/v2\/pages\/5474","targetHints":{"allow":["GET"]}}],"collection":[{"href":"https:\/\/www.satsecurity.de\/en\/wp-json\/wp\/v2\/pages"}],"about":[{"href":"https:\/\/www.satsecurity.de\/en\/wp-json\/wp\/v2\/types\/page"}],"author":[{"embeddable":true,"href":"https:\/\/www.satsecurity.de\/en\/wp-json\/wp\/v2\/users\/17"}],"replies":[{"embeddable":true,"href":"https:\/\/www.satsecurity.de\/en\/wp-json\/wp\/v2\/comments?post=5474"}],"version-history":[{"count":5,"href":"https:\/\/www.satsecurity.de\/en\/wp-json\/wp\/v2\/pages\/5474\/revisions"}],"predecessor-version":[{"id":7814,"href":"https:\/\/www.satsecurity.de\/en\/wp-json\/wp\/v2\/pages\/5474\/revisions\/7814"}],"wp:attachment":[{"href":"https:\/\/www.satsecurity.de\/en\/wp-json\/wp\/v2\/media?parent=5474"}],"wp:term":[{"taxonomy":"dipi_cpt_category","embeddable":true,"href":"https:\/\/www.satsecurity.de\/en\/wp-json\/wp\/v2\/dipi_cpt_category?post=5474"}],"curies":[{"name":"wp","href":"https:\/\/api.w.org\/{rel}","templated":true}]}}